{"id":2,"date":"2018-08-05T04:46:46","date_gmt":"2018-08-05T04:46:46","guid":{"rendered":"https:\/\/tiloulbrich.de\/home\/?page_id=2"},"modified":"2021-02-10T13:15:09","modified_gmt":"2021-02-10T13:15:09","slug":"sample-page","status":"publish","type":"page","link":"https:\/\/www.tiloulbrich.de\/home\/","title":{"rendered":"Ver\u00f6ffentlichungen"},"content":{"rendered":"\n<ul class=\"wp-block-list\"><li><a href=\"https:\/\/www.thw-duesseldorf.de\/aktuelles\/aktuelle-meldungen\/artikel\/feuer-und-flamme-grundlagen-des-brandschutzes-und-der-brandbekaempfung\/\"><strong>&#8222;Feuer und Flamme\u201c<\/strong> &#8211; Grundlagen des Brandschutzes und der Brandbek\u00e4mpfung. 2016<\/a><\/li><li><a href=\"https:\/\/www.thw-duesseldorf.de\/aktuelles\/aktuelle-meldungen\/artikel\/thw-uebung-ueben-fuer-den-ernstfall-gebaeudeeinsturz-in-duesseldorf\/\"><strong>THW-\u00dcbung &#8211; \u00dcben f\u00fcr den Ernstfall<\/strong> &#8211; Geb\u00e4udeeinsturz in D\u00fcsseldorf. 2015<\/a><\/li><li><a href=\"http:\/\/www.scribd.com\/embeds\/55792245\/content?start_page=6\" data-type=\"URL\" data-id=\"http:\/\/www.scribd.com\/embeds\/55792245\/content?start_page=6\">IAESTE-Praktikum: <strong>Ab nach Kasachstan<\/strong> &#8211; ein Bericht. Infoblatt des Studentenwerkes Magdeburg 2011; 5: 12<\/a><\/li><li><strong>ABC-Dekontamination in Deutschland<\/strong> &#8211; Vorbereitung und Einsatz. Koordinierter Sanit\u00e4tsdienst 2009; 4: 31 &#8211; 34.<\/li><li><strong>Klinische Dekon bei ABC-Gefahren<\/strong>. Feuerwehr-Magazin 2009; 10: 42 &#8211; 47.<\/li><li><a href=\"https:\/\/repository.publisso.de\/resource\/frl:4442608-1\/data\"><strong>Pers\u00f6nliche Schutzausr\u00fcstung gegen CBRN-Gefahren<\/strong>. In: Dekontamination von Verletzten im Krankenhaus bei ABC-Gefahrenlagen. Dr. Frank Martens. Bundesamt f\u00fcr Bev\u00f6lkerungsschutz, 2009. 224 &#8211; 240.<\/a><\/li><li><a href=\"https:\/\/www.amazon.de\/Leitfaden-Krankenhausalarmplanung-Band-1-Bev%C3%B6lkerungsschutz\/dp\/3940286028\"><strong>Leitfaden Krankenhausalarmplanung<\/strong>. Fachverlag Matthias Grimm, Berlin, 2008.<\/a><\/li><li><a href=\"https:\/\/www.springermedizin.de\/kontaminationsverdacht\/8707906\"><strong>Kontaminationsverdacht. Erstma\u00dfnahmen in der Notaufnahme<\/strong>. Notfall Rettungsmed 5\/2007: 336 &#8211; 342.<\/a><\/li><\/ul>\n","protected":false},"excerpt":{"rendered":"<p>&#8222;Feuer und Flamme\u201c &#8211; Grundlagen des Brandschutzes und der Brandbek\u00e4mpfung. 2016 THW-\u00dcbung &#8211; \u00dcben f\u00fcr den Ernstfall &#8211; Geb\u00e4udeeinsturz in D\u00fcsseldorf. 2015 IAESTE-Praktikum: Ab nach Kasachstan &#8211; ein Bericht. Infoblatt des Studentenwerkes Magdeburg 2011; 5: 12 ABC-Dekontamination in Deutschland &#8211; Vorbereitung und Einsatz. Koordinierter Sanit\u00e4tsdienst 2009; 4: 31 &#8211; 34. Klinische Dekon bei ABC-Gefahren. Feuerwehr-Magazin [&hellip;]<\/p>\n","protected":false},"author":3,"featured_media":0,"parent":0,"menu_order":0,"comment_status":"closed","ping_status":"open","template":"","meta":{"footnotes":""},"class_list":["post-2","page","type-page","status-publish","hentry"],"_links":{"self":[{"href":"https:\/\/www.tiloulbrich.de\/home\/wp-json\/wp\/v2\/pages\/2","targetHints":{"allow":["GET"]}}],"collection":[{"href":"https:\/\/www.tiloulbrich.de\/home\/wp-json\/wp\/v2\/pages"}],"about":[{"href":"https:\/\/www.tiloulbrich.de\/home\/wp-json\/wp\/v2\/types\/page"}],"author":[{"embeddable":true,"href":"https:\/\/www.tiloulbrich.de\/home\/wp-json\/wp\/v2\/users\/3"}],"replies":[{"embeddable":true,"href":"https:\/\/www.tiloulbrich.de\/home\/wp-json\/wp\/v2\/comments?post=2"}],"version-history":[{"count":19,"href":"https:\/\/www.tiloulbrich.de\/home\/wp-json\/wp\/v2\/pages\/2\/revisions"}],"predecessor-version":[{"id":91,"href":"https:\/\/www.tiloulbrich.de\/home\/wp-json\/wp\/v2\/pages\/2\/revisions\/91"}],"wp:attachment":[{"href":"https:\/\/www.tiloulbrich.de\/home\/wp-json\/wp\/v2\/media?parent=2"}],"curies":[{"name":"wp","href":"https:\/\/api.w.org\/{rel}","templated":true}]}}